{"id":3,"date":"2022-11-16T12:25:11","date_gmt":"2022-11-16T12:25:11","guid":{"rendered":"https:\/\/gessami.nl\/?page_id=3"},"modified":"2023-11-24T10:15:06","modified_gmt":"2023-11-24T09:15:06","slug":"privacy-policy","status":"publish","type":"page","link":"https:\/\/gessami.nl\/en\/privacy-policy\/","title":{"rendered":""},"content":{"rendered":"<div data-elementor-type=\"wp-page\" data-elementor-id=\"3\" class=\"elementor elementor-3\">\n\t\t\t\t\t\t<section class=\"elementor-section elementor-top-section elementor-element elementor-element-78f161f elementor-section-boxed elementor-section-height-default elementor-section-height-default wpr-particle-no wpr-jarallax-no wpr-parallax-no wpr-sticky-section-no\" data-id=\"78f161f\" data-element_type=\"section\" data-e-type=\"section\">\n\t\t\t\t\t\t<div class=\"elementor-container elementor-column-gap-default\">\n\t\t\t\t\t<div class=\"elementor-column elementor-col-100 elementor-top-column elementor-element elementor-element-692b920\" data-id=\"692b920\" data-element_type=\"column\" data-e-type=\"column\">\n\t\t\t<div class=\"elementor-widget-wrap elementor-element-populated\">\n\t\t\t\t\t\t<div class=\"elementor-element elementor-element-838a644 elementor-widget elementor-widget-spacer\" data-id=\"838a644\" data-element_type=\"widget\" data-e-type=\"widget\" data-widget_type=\"spacer.default\">\n\t\t\t\t<div class=\"elementor-widget-container\">\n\t\t\t\t\t\t\t<div class=\"elementor-spacer\">\n\t\t\t<div class=\"elementor-spacer-inner\"><\/div>\n\t\t<\/div>\n\t\t\t\t\t\t<\/div>\n\t\t\t\t<\/div>\n\t\t\t\t<div class=\"elementor-element elementor-element-aaef65b elementor-widget elementor-widget-text-editor\" data-id=\"aaef65b\" data-element_type=\"widget\" data-e-type=\"widget\" data-widget_type=\"text-editor.default\">\n\t\t\t\t<div class=\"elementor-widget-container\">\n\t\t\t\t\t\t\t\t\t<h5 style=\"font-style: normal;\">PRIVACY POLICY<\/h5><h5 style=\"font-style: normal;\">INTRODUCTION<\/h5><p style=\"font-size: 16px; font-style: normal;\"><strong>1.<\/strong>\u00a0Gessam\u00ed attaches great importance to careful and secure handling of privacy-sensitive information. That is why Gessam\u00ed has drawn up this privacy statement. With this privacy statement Gessam\u00ed provides insight into how we handle personal data in appropriate situations. Personal data means all data that can be directly or indirectly traced to a natural person. This privacy statement applies to processing of all online and offline types of personal data that Gessam\u00ed receives from:<\/p><ul style=\"font-size: 16px; font-style: normal;\"><li style=\"font-size: 16px;\">You;<\/li><li style=\"font-size: 16px;\">Visitors to the website (www.gessami.nl) or any domain name affiliated with it;<\/li><li style=\"font-size: 16px;\">Customers, (potential) suppliers, clients, contractors and other relations of Gessam\u00ed;<\/li><li style=\"font-size: 16px;\">Recipients of information from Gessam\u00ed;<\/li><li style=\"font-size: 16px;\">All other persons in contact with Gessam\u00ed.<\/li><\/ul><p style=\"font-size: 16px; font-style: normal;\"><strong>2.<\/strong>\u00a0Wherever in this privacy statement a person is referred to as \"she\" or \"her\", \"he\" or \"him\" is also meant.<\/p><h5 style=\"font-style: normal;\">WHAT PERSONAL DATA CAN WE PROCESS?<\/h5><p style=\"font-size: 16px; font-style: normal;\"><strong>3.<\/strong>\u00a0Gessam\u00ed may process the personal data listed below, always basing the processing on a legal basis from the General Data Protection Regulation (\u201cGDPR\u201d):<\/p><p style=\"font-size: 16px; font-style: normal;\">Personal data that you have provided yourself:<\/p><ul style=\"font-size: 16px; font-style: normal;\"><li style=\"font-size: 16px;\">Contact information (name, e-mail address, address, place of residence, phone number(s), IP address);<\/li><li style=\"font-size: 16px;\">Payment information (bank account number, credit card number);<\/li><\/ul><p style=\"font-size: 16px; font-style: normal;\">Personal data obtained through means of communication, such as the website, newsletters, and emails:<\/p><ul style=\"font-size: 16px; font-style: normal;\"><li style=\"font-size: 16px;\">Contact information (as described above);<\/li><li style=\"font-size: 16px;\">Information about which device you used to visit our website, such as an IP address.<\/li><\/ul><h5 style=\"font-style: normal;\">PRINCIPLES RELATING TO PROCESSING<\/h5><p style=\"font-size: 16px; font-style: normal;\"><strong>4.<\/strong>\u00a0Gessam\u00ed determines the purpose and means for processing personal data. This makes Gessam\u00ed a processing controller in the sense of the GDPR. Gessam\u00ed shall ensure that it always bases the processing of personal data on one of the bases described in Article 6 of the GDPR.<\/p><p style=\"font-size: 16px; font-style: normal;\" class=\"translation-block\">Gessam\u00ed processes your personal data on the following bases:<\/p><ul style=\"font-size: 16px; font-style: normal;\"><li style=\"font-size: 16px;\">You have given your consent to Gessam\u00ed to process your personal data for one or more specific purposes;<\/li><li style=\"font-size: 16px;\">If the processing is necessary for the performance of an agreement to which you are a party, or to take measures at your request prior to the conclusion of an agreement;<\/li><li style=\"font-size: 16px;\">The processing is necessary to comply with a legal obligation incumbent on Gessam\u00ed;<\/li><li style=\"font-size: 16px;\">If the processing is necessary to protect your vital interests or those of another natural person.<\/li><\/ul><h5 style=\"font-style: normal;\">USE OF PERSONAL DATA<\/h5><p style=\"font-size: 16px; font-style: normal;\"><strong>5.<\/strong>\u00a0When using your personal data, Gessam\u00ed observes the GDPR and the resulting laws and regulations. The use of personal data is referred to in the GDPR as \u2018processing\u2019.\n\nGessam\u00ed collects and processes personal data from customers for the purposes set out below. These purposes are:<\/p><ul style=\"font-size: 16px; font-style: normal;\"><li style=\"font-size: 16px;\">To process your orders and inform you of their progress; At the time you place an order with Gessam\u00ed, you will be asked for a number of details: your name, phone number, email address, delivery address, billing address, method of payment, account number\/credit card number, credit card expiration date and credit card security code. These details are needed to process an order and to properly process any returns. Credit card details are never shared with third parties.<\/li><li style=\"font-size: 16px;\">To perform analyses for reports.<\/li><li style=\"font-size: 16px;\">To optimize Gessam\u00ed's services;<\/li><li style=\"font-size: 16px;\">To inform you about products, benefits and events.<\/li><li style=\"font-size: 16px;\">To display personalized advertising.<\/li><li style=\"font-size: 16px;\">If you participate in the Loyalty Program, link your data to this program in order to provide you with the best possible personal privileges associated with the Loyalty Program;<\/li><li style=\"font-size: 16px;\">To provide you or third parties with information necessary to execute an order, to handle a complaint, to process a return shipment or if you have given your permission to do so.<\/li><li style=\"font-size: 16px;\">To provide information about you to third parties if we are required to do so by law or regulation (e.g., to law enforcement agencies);<\/li><li style=\"font-size: 16px;\">Information required to process credit card payments and transactions is sent to our bank. Gessam\u00ed makes arrangements with these companies regarding the processing of your personal data to ensure your privacy.<\/li><li style=\"font-size: 16px;\">To secure, adapt and improve the website.<\/li><li style=\"font-size: 16px;\">To verify your identity and to prevent fraud<\/li><\/ul><h5 style=\"font-style: normal;\">SHARING WITH THIRD PARTIES<\/h5><p style=\"font-size: 16px; font-style: normal;\"><strong style=\"font-style: inherit; color: var(--ast-global-color-3);\">6.<\/strong><span style=\"font-style: inherit; color: var(--ast-global-color-3);\">\u00a0<\/span>Gessam\u00ed<span style=\"font-style: inherit; color: var(--ast-global-color-3);\">\u00a0never sells your personal data to third parties.<\/span><\/p><h5 style=\"font-style: normal;\">RIGHTS OF DATA SUBJECTS<\/h5><p style=\"font-size: 16px; font-style: normal;\"><strong>7.<\/strong>\u00a0Data subjects within the meaning of the GDPR are the natural persons to whom personal data relates. These may include consumers, relations, employees, clients, contractors and visitors to Gessam\u00ed's web pages. Data subjects are informed by Gessam\u00ed in an accessible and understandable way by Gessam\u00ed about the data processing of personal data. If you would like to know whether Gessam\u00ed processes personal data about you or would like to exercise any of the rights listed below, please send a written request, possibly accompanied by your views, to: info@gessami.nl.\u00a0<span style=\"color: var(--ast-global-color-3);\">Gessam\u00ed<\/span><span style=\"color: var(--ast-global-color-3);\">\u00a0handles a (inspection) request within 4 weeks.\u00a0<\/span>Gessam\u00ed<span style=\"color: var(--ast-global-color-3);\">\u00a0is required to verify your identity before your request can be fulfilled.<\/span><\/p><p style=\"font-size: 16px; font-style: normal;\"><strong>8.<\/strong>\u00a0In the case of processing of personal data, data subjects have the following rights:<\/p><ul style=\"font-size: 16px; font-style: normal;\"><li style=\"font-size: 16px;\">Viewing and\/or modifying personal data<\/li><\/ul><p style=\"font-size: 16px; font-style: normal;\">You may request Gessam\u00ed at any time to indicate which (categories of) personal data Gessam\u00ed processes about you, for what purposes, from what source the personal data come and what retention periods are used. In addition, you may contact us at any time to submit a request to supplement, correct or delete your personal data. The request will be granted insofar as it does not conflict with laws and regulations.<\/p><ul style=\"font-size: 16px; font-style: normal;\"><li style=\"font-size: 16px;\">Right to be forgotten<\/li><\/ul><p style=\"font-size: 16px; font-style: normal;\">If you no longer wish to use the services of Gessam\u00ed, you may request the deletion of all your personal data. Gessam\u00ed will comply with this request to the extent not contrary to laws and regulations.<\/p><ul style=\"font-size: 16px; font-style: normal;\"><li style=\"font-size: 16px;\">Right to file a complaint<\/li><\/ul><p style=\"font-size: 16px; font-style: normal;\">If you disagree with Gessam\u00ed's use of your personal data, you may indicate this by sending an e-mail to Info@gessami.com, file a complaint with the Personal Data Authority or initiate legal proceedings.<\/p><h5 style=\"font-style: normal;\">PROCESSORS AND (SUB-)PROCESSORS<\/h5><p style=\"font-size: 16px; font-style: normal;\"><strong>9.<\/strong>\u00a0Gessam\u00ed is the so-called controller within the meaning of the GDPR who controls the processing of personal data and determines the purposes and means of processing.<\/p><h5 style=\"font-style: normal;\">RETENTION PERIOD PERSONAL DATA<\/h5><p style=\"font-size: 16px; font-style: normal;\"><strong>10.<\/strong>\u00a0Gessam\u00ed never keeps personal data longer than necessary for the purpose of processing. Gessam\u00ed keeps your personal data at least for the period you have an agreement with Gessam\u00ed.<\/p><h5 style=\"font-style: normal;\">CHANGES AND APPLICABLE LAW<\/h5><p style=\"font-size: 16px; font-style: normal;\"><strong>11.<\/strong>\u00a0Gessam\u00ed reserves the right to modify or change this privacy statement. None of the provisions of this privacy statement are intended to create any obligation or agreement between Gessam\u00ed and a data subject. Dutch law applies to the provisions of this privacy statement and all disputes arising from this.<\/p><h3 style=\"font-style: normal;\">\u00a0<\/h3><h3 style=\"font-style: normal;\">\u00a0<\/h3><div>\u00a0<\/div>\t\t\t\t\t\t\t\t<\/div>\n\t\t\t\t<\/div>\n\t\t\t\t\t<\/div>\n\t\t<\/div>\n\t\t\t\t\t<\/div>\n\t\t<\/section>\n\t\t\t\t<section class=\"elementor-section elementor-top-section elementor-element elementor-element-c1e9c4e elementor-section-boxed elementor-section-height-default elementor-section-height-default wpr-particle-no wpr-jarallax-no wpr-parallax-no wpr-sticky-section-no\" data-id=\"c1e9c4e\" data-element_type=\"section\" data-e-type=\"section\">\n\t\t\t\t\t\t<div class=\"elementor-container elementor-column-gap-default\">\n\t\t\t\t\t<div class=\"elementor-column elementor-col-100 elementor-top-column elementor-element elementor-element-1f49e9be\" data-id=\"1f49e9be\" data-element_type=\"column\" data-e-type=\"column\">\n\t\t\t<div class=\"elementor-widget-wrap\">\n\t\t\t\t\t\t\t<\/div>\n\t\t<\/div>\n\t\t\t\t\t<\/div>\n\t\t<\/section>\n\t\t\t\t<\/div>","protected":false},"excerpt":{"rendered":"<p>PRIVACYBELEID INLEIDING 1.\u00a0Gessam\u00ed hecht grote waarde aan zorgvuldige en veilige omgang met privacygevoelige informatie. Daarom heeft Gessam\u00ed dit privacy statement opgesteld. Met dit privacy statement geeft Gessam\u00ed inzicht hoe wij in voorkomende situaties met persoonsgegevens omgaan. Onder persoonsgegevens worden verstaan: alle gegevens die direct of indirect herleidbaar zijn tot een natuurlijk persoon.\u00a0Dit privacy statement is van toepassing op verwerkingen van alle online en offline soorten persoonsgegevens die Gessam\u00ed ontvangt van: U; Bezoekers van de website (www.gessami.nl) of een aan deze domeinnaam gelieerde domeinnaam; Klanten, (potenti\u00eble) leveranciers, opdrachtgevers, opdrachtnemers en andere relaties van Gessam\u00ed; Ontvangers van informatie van Gessam\u00ed; Alle andere personen die contact hebben met Gessam\u00ed. 2.\u00a0Daar waar in dit privacy statement een persoon met\u00a0\u2018zij\u2019 of \u2018haar\u2019 wordt aangeduid, wordt tevens\u00a0\u2018hij\u2019 of \u2018hem\u2019 bedoeld. WELKE PERSOONSGEGEVENS KUNNEN WIJ VERWERKEN? 3.\u00a0Gessam\u00ed kan de onderstaande persoonsgegevens verwerken, waarbij zij de verwerking altijd baseert op een wettelijke grondslag uit de Algemene Verordening Gegevensbescherming (hierna:\u00a0\u2018AVG\u2019): Persoonsgegevens die door u zelf zijn verstrekt: Contactgegevens\u00a0(naam, e-mailadres, adres, woonplaats, telefoonnummer(s), IP-adres); Betalingsgegevens\u00a0(bankrekeningnummer,\u00a0creditcardnummer); Persoonsgegevens die zijn verkregen via communicatiemiddelen, zoals de website, nieuwsbrieven en e-mails: Contactgegevens\u00a0(zoals\u00a0hierboven beschreven); Informatie met welk apparaat u onze website heeft bezocht, zoals een IP-adres. GRONDSLAGEN VOOR DE VERWERKING 4.\u00a0Gessam\u00ed stelt het doel en de middelen vast voor het verwerken van persoonsgegevens. Daarmee is Gessam\u00ed\u00a0verwerkingsverantwoordelijke in de zin van de AVG. Gessam\u00ed zorgt ervoor dat zij het verwerken van persoonsgegevens altijd baseert op een van de grondslagen zoals omschreven in artikel 6 van de AVG. Gessam\u00ed\u00a0verwerkt uw persoonsgegevens op de basis van de volgende grondslagen: U heeft aan Gessam\u00ed toestemming gegeven voor de verwerking van uw persoonsgegevens voor een of meer specifieke doeleinden; De verwerking is noodzakelijk voor de uitvoering van een overeenkomst waarbij u partij bent, of om op uw verzoek voorafgaand aan de sluiting van een overeenkomst maatregelen te nemen; De verwerking is noodzakelijk om te voldoen aan een wettelijke verplichting die op Gessam\u00ed rust; De verwerking is noodzakelijk om uw belangen of die van een ander natuurlijke persoon te beschermen. GEBRUIK VAN PERSOONSGEGEVENS 5.\u00a0Bij het gebruik van uw persoonsgegevens neemt Gessam\u00ed de AVG en de daaruit voortvloeiende wet- en regelgeving in acht. Het gebruiken van persoonsgegevens wordt in de AVG aangeduid met\u00a0\u2018verwerken\u2019. Gessam\u00ed verzamelt en verwerkt persoonsgegevens van klanten voor de hieronder genoemde doeleinden.\u00a0Deze doelen zijn: Om uw bestellingen af te handelen en u te informeren over het verloop daarvan; Op het moment dat u een order plaatst bij Gessam\u00ed wordt om een aantal gegevens gevraagd: uw naam, telefoonnummer, e-mailadres, bezorgadres, factuuradres, wijze van betalen, rekeningnummer\/creditcardnummer, vervaldatum creditkaart en beveiligingscode van de creditkaart. Deze gegevens zijn nodig voor het verwerken van een order en voor het correct verwerken van eventuele retourzendingen. Creditkaart details worden nooit met derden gedeeld. Om analyses uit te voeren voor rapportages; Om de diensten van Gessam\u00ed te optimaliseren; Om u te informeren over producten, voordelen en evenementen. Om gepersonaliseerde reclame te tonen; Indien u deelneemt aan het Loyaliteitsprogramma, uw gegevens aan dit programma te koppelen\u00a0om u zo optimaal mogelijk persoonlijke privileges te kunnen aanbieden die bij het Loyaliteitsprogramma horen; Om informatie te verstrekken aan u of aan derden die nodig is voor de uitvoering van een order, het in behandeling nemen van een klacht, het verwerken van een retourzending of indien u daarvoor toestemming hebt gegeven; Om informatie over u te verstrekken aan derden indien wij daartoe verplicht zijn op basis van wet- of regelgeving\u00a0(b.v.\u00a0aan opsporingsinstanties); De informatie die nodig is om creditcardbetalingen en transacties te verwerken wordt verzonden naar onze bank. Gessam\u00ed maakt afspraken met deze bedrijven met betrekking tot de verwerking van uw persoonsgegevens om uw privacy te waarborgen. Om de website te beveiligen, aan te passen en te verbeteren; Om uw identiteit te verifi\u00ebren en fraude tegen te gaan; DELEN MET DERDEN 6.\u00a0Gessam\u00ed\u00a0verkoopt uw persoonsgegevens nooit aan derden. RECHTEN VAN BETROKKENEN 7.\u00a0Betrokkenen in de zin van de AVG zijn de natuurlijke personen op wie de persoonsgegevens betrekking hebben. Dit kunnen onder meer consumenten, relaties, werknemers, opdrachtgevers, opdrachtnemers en bezoekers van de webpagina\u2019s van Gessam\u00ed zijn. Betrokkenen worden door Gessam\u00ed op toegankelijke en begrijpelijke wijze door Gessam\u00ed ge\u00efnformeerd over de gegevensverwerking van persoonsgegevens. Als u wilt weten of Gessam\u00ed persoonsgegevens van u verwerkt of gebruik wilt maken van \u00e9\u00e9n van de onderstaande rechten, dan kunt u een schriftelijk verzoek, eventueel vergezeld van uw zienswijze sturen naar:\u00a0info@gessami.nl.\u00a0Gessam\u00ed\u00a0behandelt een\u00a0(inzage)verzoek\u00a0binnen 4 weken.\u00a0Gessam\u00ed\u00a0is verplicht uw identiteit te controleren voordat aan uw verzoek kan worden voldaan. 8.\u00a0In geval van verwerking van persoonsgegevens hebben betrokkenen de volgende rechten: Inzage en\/of wijzigen persoonsgegevens U kunt Gessam\u00ed op elk gewenst moment verzoeken aan te geven welke\u00a0(categorie\u00ebn\u00a0van) persoonsgegevens Gessam\u00ed van u verwerkt, voor welke doeleinden dat gebeurt, van welke bron de persoonsgegevens komen en welke bewaartermijnen worden gehanteerd. Daarnaast kunt u op elk gewenst moment contact met ons opnemen om een verzoek in te dienen om uw persoonsgegevens aan te vullen, te verbeteren of te verwijderen. Het verzoek zal ingewilligd worden voor zover niet in strijd met wet- en regelgeving. Recht om vergeten te worden Wanneer u geen gebruik meer wenst te maken van de diensten van Gessam\u00ed, kunt u een verzoek indienen van verwijdering van al uw persoonsgegevens. Dit verzoek zal Gessam\u00ed inwilligen voor zover niet in strijd met wet- en regelgeving. Recht\u00a0om een klacht in te dienen Indien u het niet eens bent met het gebruik door Gessam\u00ed van uw persoonsgegevens, kunt u dit aangeven door een e-mail te sturen naar Info@gessami.com, een klacht indienen bij de Autoriteit Persoonsgegevens of een juridische procedure starten. VERWERKINGSVERANTWOORDELIJKE EN\u00a0(SUB-)VERWERKERS 9.\u00a0Gessam\u00ed is de zogeheten verwerkingsverantwoordelijke in de zin van de AVG die zeggenschap heeft over de verwerking van de persoonsgegevens en die het doel en de middelen voor de verwerking vaststelt. BEWAARTERMIJN PERSOONSGEGEVENS 10.\u00a0Gessam\u00ed bewaart persoonsgegevens nooit langer dan noodzakelijk is voor het doel van de verwerking. Gessam\u00ed bewaart uw persoonsgegevens in ieder geval voor de periode dat u een overeenkomst met Gessam\u00ed heeft. WIJZIGINGEN EN TOEPASSELIJK RECHT 11.\u00a0Gessam\u00ed behoudt zich het recht voor om dit privacy statement aan te passen of te wijzigen. Geen van de bepalingen uit het privacy statement heeft tot doel<\/p>","protected":false},"author":1,"featured_media":0,"parent":0,"menu_order":0,"comment_status":"closed","ping_status":"closed","template":"","meta":{"site-sidebar-layout":"default","site-content-layout":"default","ast-site-content-layout":"default","site-content-style":"default","site-sidebar-style":"default","ast-global-header-display":"","ast-banner-title-visibility":"","ast-main-header-display":"","ast-hfb-above-header-display":"","ast-hfb-below-header-display":"","ast-hfb-mobile-header-display":"","site-post-title":"","ast-breadcrumbs-content":"","ast-featured-img":"","footer-sml-layout":"","ast-disable-related-posts":"","theme-transparent-header-meta":"default","adv-header-id-meta":"","stick-header-meta":"","header-above-stick-meta":"","header-main-stick-meta":"","header-below-stick-meta":"","astra-migrate-meta-layouts":"set","ast-page-background-enabled":"default","ast-page-background-meta":{"desktop":{"background-color":"","background-image":"","background-repeat":"repeat","background-position":"center center","background-size":"auto","background-attachment":"scroll","background-type":"","background-media":"","overlay-type":"","overlay-color":"","overlay-opacity":"","overlay-gradient":""},"tablet":{"background-color":"","background-image":"","background-repeat":"repeat","background-position":"center center","background-size":"auto","background-attachment":"scroll","background-type":"","background-media":"","overlay-type":"","overlay-color":"","overlay-opacity":"","overlay-gradient":""},"mobile":{"background-color":"","background-image":"","background-repeat":"repeat","background-position":"center center","background-size":"auto","background-attachment":"scroll","background-type":"","background-media":"","overlay-type":"","overlay-color":"","overlay-opacity":"","overlay-gradient":""}},"ast-content-background-meta":{"desktop":{"background-color":"var(--ast-global-color-5)","background-image":"","background-repeat":"repeat","background-position":"center center","background-size":"auto","background-attachment":"scroll","background-type":"","background-media":"","overlay-type":"","overlay-color":"","overlay-opacity":"","overlay-gradient":""},"tablet":{"background-color":"var(--ast-global-color-5)","background-image":"","background-repeat":"repeat","background-position":"center center","background-size":"auto","background-attachment":"scroll","background-type":"","background-media":"","overlay-type":"","overlay-color":"","overlay-opacity":"","overlay-gradient":""},"mobile":{"background-color":"var(--ast-global-color-5)","background-image":"","background-repeat":"repeat","background-position":"center center","background-size":"auto","background-attachment":"scroll","background-type":"","background-media":"","overlay-type":"","overlay-color":"","overlay-opacity":"","overlay-gradient":""}},"footnotes":""},"class_list":["post-3","page","type-page","status-publish","hentry"],"jetpack_sharing_enabled":true,"_links":{"self":[{"href":"https:\/\/gessami.nl\/en\/wp-json\/wp\/v2\/pages\/3","targetHints":{"allow":["GET"]}}],"collection":[{"href":"https:\/\/gessami.nl\/en\/wp-json\/wp\/v2\/pages"}],"about":[{"href":"https:\/\/gessami.nl\/en\/wp-json\/wp\/v2\/types\/page"}],"author":[{"embeddable":true,"href":"https:\/\/gessami.nl\/en\/wp-json\/wp\/v2\/users\/1"}],"replies":[{"embeddable":true,"href":"https:\/\/gessami.nl\/en\/wp-json\/wp\/v2\/comments?post=3"}],"version-history":[{"count":94,"href":"https:\/\/gessami.nl\/en\/wp-json\/wp\/v2\/pages\/3\/revisions"}],"predecessor-version":[{"id":7378,"href":"https:\/\/gessami.nl\/en\/wp-json\/wp\/v2\/pages\/3\/revisions\/7378"}],"wp:attachment":[{"href":"https:\/\/gessami.nl\/en\/wp-json\/wp\/v2\/media?parent=3"}],"curies":[{"name":"wp","href":"https:\/\/api.w.org\/{rel}","templated":true}]}}